{"id":2424,"date":"2023-07-08T15:55:25","date_gmt":"2023-07-08T15:55:25","guid":{"rendered":"https:\/\/gam-med-weight-loss.com\/asesoramiento-nutricional\/"},"modified":"2023-08-29T18:44:42","modified_gmt":"2023-08-29T18:44:42","slug":"asesoramiento-nutricional","status":"publish","type":"page","link":"https:\/\/gam-med-weight-loss.com\/es\/asesoramiento-nutricional\/","title":{"rendered":"Asesoramiento nutricional"},"content":{"rendered":"<p><div class=\"fusion-fullwidth fullwidth-box fusion-builder-row-1 fusion-flex-container has-pattern-background has-mask-background nonhundred-percent-fullwidth non-hundred-percent-height-scrolling\" style=\"--link_color: var(--awb-color8);--awb-border-radius-top-left:0px;--awb-border-radius-top-right:0px;--awb-border-radius-bottom-right:0px;--awb-border-radius-bottom-left:0px;--awb-padding-top:4%;--awb-padding-bottom:2%;--awb-padding-top-medium:5vh;--awb-padding-bottom-medium:5vh;--awb-padding-top-small:54px;--awb-margin-bottom-small:0px;--awb-background-image:linear-gradient(180deg, var(--awb-color2) 0%,rgba(255,249,243,0) 100%);--awb-flex-wrap:wrap;\" ><div class=\"fusion-builder-row fusion-row fusion-flex-align-items-stretch fusion-flex-justify-content-center fusion-flex-content-wrap\" style=\"max-width:1323px;margin-left: calc(-5% \/ 2 );margin-right: calc(-5% \/ 2 );\"><div class=\"fusion-layout-column fusion_builder_column fusion-builder-column-0 fusion_builder_column_3_5 3_5 fusion-flex-column fusion-flex-align-self-center fusion-animated\" style=\"--awb-padding-top-medium:60px;--awb-padding-bottom-medium:60px;--awb-padding-top-small:0px;--awb-padding-bottom-small:0px;--awb-bg-size:cover;--awb-width-large:60%;--awb-margin-top-large:0px;--awb-spacing-right-large:3.9583333333333%;--awb-margin-bottom-large:20px;--awb-spacing-left-large:3.9583333333333%;--awb-width-medium:40%;--awb-order-medium:0;--awb-spacing-right-medium:5.9375%;--awb-spacing-left-medium:5.9375%;--awb-width-small:100%;--awb-order-small:1;--awb-spacing-right-small:2.375%;--awb-margin-bottom-small:0px;--awb-spacing-left-small:2.375%;\" data-animationType=\"fadeInUp\" data-animationDuration=\"1.0\" data-animationOffset=\"top-into-view\"><div class=\"fusion-column-wrapper fusion-column-has-shadow fusion-flex-justify-content-flex-start fusion-content-layout-column\"><div class=\"fusion-title title fusion-title-1 fusion-sep-none fusion-title-center fusion-title-text fusion-title-size-one\" style=\"--awb-margin-bottom:30px;--awb-font-size:43px;\"><h1 class=\"fusion-title-heading title-heading-center fusion-responsive-typography-calculated\" style=\"margin:0;font-size:1em;--fontSize:43;line-height:var(--awb-typography1-line-height);\">Asesoramiento nutricional<\/h1><\/div><div class=\"fusion-text fusion-text-1\" style=\"--awb-content-alignment:center;\"><p>Su \u00e9xito es nuestro \u00e9xito.<\/p>\n<p>El asesoramiento nutricional de Gam Med ofrece un enfoque integral y personalizado para llevar una vida sana. Al comprender las necesidades y objetivos \u00fanicos de cada persona, nuestros asesores certificados en nutrici\u00f3n dise\u00f1an planes diet\u00e9ticos sostenibles. Nuestro enfoque va m\u00e1s all\u00e1 de la mera p\u00e9rdida de peso para inculcar h\u00e1bitos de por vida que mejoren la salud en general. Con Gam Med, no s\u00f3lo est\u00e1 cambiando su dieta; est\u00e1 transformando su vida.<\/p>\n<\/div><div class=\"fusion-separator fusion-full-width-sep\" style=\"align-self: center;margin-left: auto;margin-right: auto;margin-bottom:20px;width:100%;\"><\/div><\/div><\/div><\/div><\/div><div class=\"fusion-fullwidth fullwidth-box fusion-builder-row-2 fusion-flex-container has-pattern-background has-mask-background nonhundred-percent-fullwidth non-hundred-percent-height-scrolling\" style=\"--awb-border-radius-top-left:0px;--awb-border-radius-top-right:0px;--awb-border-radius-bottom-right:0px;--awb-border-radius-bottom-left:0px;--awb-margin-top:0px;--awb-margin-bottom:-80px;--awb-margin-bottom-small:0px;--awb-flex-wrap:wrap;\" ><div class=\"fusion-builder-row fusion-row fusion-flex-align-items-stretch fusion-flex-content-wrap\" style=\"max-width:1323px;margin-left: calc(-5% \/ 2 );margin-right: calc(-5% \/ 2 );\"><div class=\"fusion-layout-column fusion_builder_column fusion-builder-column-1 fusion-flex-column fusion-flex-align-self-center\" style=\"--awb-padding-top:120px;--awb-padding-bottom:140px;--awb-padding-top-medium:60px;--awb-padding-bottom-medium:60px;--awb-padding-top-small:20px;--awb-bg-size:cover;--awb-width-large:40%;--awb-margin-top-large:0px;--awb-spacing-right-large:30px;--awb-margin-bottom-large:70px;--awb-spacing-left-large:5.9375%;--awb-width-medium:40%;--awb-order-medium:0;--awb-spacing-right-medium:30px;--awb-spacing-left-medium:5.9375%;--awb-width-small:100%;--awb-order-small:1;--awb-spacing-right-small:2.375%;--awb-margin-bottom-small:0px;--awb-spacing-left-small:2.375%;\"><div class=\"fusion-column-wrapper fusion-column-has-shadow fusion-flex-justify-content-flex-start fusion-content-layout-row\"><div class=\"fusion-image-element fusion-no-medium-visibility fusion-no-large-visibility\" style=\"--awb-margin-bottom:40px;--awb-caption-title-font-family:var(--h2_typography-font-family);--awb-caption-title-font-weight:var(--h2_typography-font-weight);--awb-caption-title-font-style:var(--h2_typography-font-style);--awb-caption-title-size:var(--h2_typography-font-size);--awb-caption-title-transform:var(--h2_typography-text-transform);--awb-caption-title-line-height:var(--h2_typography-line-height);--awb-caption-title-letter-spacing:var(--h2_typography-letter-spacing);\"><span class=\" fusion-imageframe imageframe-none imageframe-1 hover-type-none\" style=\"border-radius:6px 6px 35px 6px;\"><img decoding=\"async\" width=\"1312\" height=\"1340\" title=\"Couple cooking\" src=\"https:\/\/gam-med-weight-loss.com\/wp-content\/uploads\/2020\/07\/info-19@2x.jpg\" data-orig-src=\"http:\/\/gam-med-weight-loss.com\/wp-content\/uploads\/2020\/07\/info-19@2x.jpg\" alt class=\"lazyload img-responsive wp-image-2250\" srcset=\"data:image\/svg+xml,%3Csvg%20xmlns%3D%27http%3A%2F%2Fwww.w3.org%2F2000%2Fsvg%27%20width%3D%271312%27%20height%3D%271340%27%20viewBox%3D%270%200%201312%201340%27%3E%3Crect%20width%3D%271312%27%20height%3D%271340%27%20fill-opacity%3D%220%22%2F%3E%3C%2Fsvg%3E\" data-srcset=\"https:\/\/gam-med-weight-loss.com\/wp-content\/uploads\/2020\/07\/info-19@2x-200x204.jpg 200w, https:\/\/gam-med-weight-loss.com\/wp-content\/uploads\/2020\/07\/info-19@2x-400x409.jpg 400w, https:\/\/gam-med-weight-loss.com\/wp-content\/uploads\/2020\/07\/info-19@2x-600x613.jpg 600w, https:\/\/gam-med-weight-loss.com\/wp-content\/uploads\/2020\/07\/info-19@2x-800x817.jpg 800w, https:\/\/gam-med-weight-loss.com\/wp-content\/uploads\/2020\/07\/info-19@2x-1200x1226.jpg 1200w, https:\/\/gam-med-weight-loss.com\/wp-content\/uploads\/2020\/07\/info-19@2x.jpg 1312w\" data-sizes=\"auto\" data-orig-sizes=\"(max-width: 1024px) 100vw, (max-width: 740px) 100vw, 600px\" \/><\/span><\/div><div class=\"fusion-title title fusion-title-2 fusion-sep-none fusion-title-text fusion-title-size-four\" style=\"--awb-margin-bottom:25px;--awb-font-size:43px;\"><h4 class=\"fusion-title-heading title-heading-left fusion-responsive-typography-calculated\" style=\"margin:0;font-size:1em;--fontSize:43;line-height:1.35;\">Cambios sostenibles en el estilo de vida<\/h4><\/div><div class=\"fusion-text fusion-text-2\"><p>El asesoramiento nutricional de Gam-Med se centra en promover cambios sostenibles en el estilo de vida en lugar de soluciones r\u00e1pidas. Al conocer sus h\u00e1bitos alimentarios actuales, sus retos y sus objetivos, pueden ayudarle a desarrollar pautas alimentarias saludables que pueda mantener a largo plazo.<\/p>\n<\/div><div class=\"fusion-title title fusion-title-3 fusion-sep-none fusion-title-text fusion-title-size-four\" style=\"--awb-margin-bottom:25px;--awb-font-size:43px;\"><h4 class=\"fusion-title-heading title-heading-left fusion-responsive-typography-calculated\" style=\"margin:0;font-size:1em;--fontSize:43;line-height:1.35;\">Prevenci\u00f3n y gesti\u00f3n de enfermedades<\/h4><\/div><div class=\"fusion-text fusion-text-3\"><p>El asesoramiento nutricional no se limita a la p\u00e9rdida de peso, sino que tambi\u00e9n se centra en la salud general y la prevenci\u00f3n de enfermedades. Mediante recomendaciones diet\u00e9ticas personalizadas, puede reducir el riesgo de enfermedades cr\u00f3nicas como las cardiopat\u00edas, la diabetes y la hipertensi\u00f3n.<\/p>\n<\/div><div class=\"fusion-title title fusion-title-4 fusion-sep-none fusion-title-text fusion-title-size-four\" style=\"--awb-margin-bottom:25px;--awb-font-size:43px;\"><h4 class=\"fusion-title-heading title-heading-left fusion-responsive-typography-calculated\" style=\"margin:0;font-size:1em;--fontSize:43;line-height:1.35;\">Mantenimiento del peso a largo plazo<\/h4><\/div><div class=\"fusion-text fusion-text-4\"><p>El asesoramiento nutricional de Gam-Med va m\u00e1s all\u00e1 de la p\u00e9rdida de peso y se centra en el mantenimiento del peso a largo plazo. Al ense\u00f1arle h\u00e1bitos alimentarios sostenibles y proporcionarle apoyo continuo, le ayudan a mantener sus progresos y a prevenir la recuperaci\u00f3n del peso.<\/p>\n<\/div><div class=\"fusion-separator fusion-full-width-sep\" style=\"align-self: center;margin-left: auto;margin-right: auto;margin-bottom:20px;width:100%;\"><\/div><div style=\"text-align:left;\"><a class=\"fusion-button button-flat fusion-button-default-size button-custom fusion-button-default button-1 fusion-button-default-span fusion-button-default-type\" style=\"--button_accent_color:var(--awb-color1);--button_accent_hover_color:var(--awb-color1);--button_border_hover_color:var(--awb-color1);--button_gradient_top_color:var(--awb-color8);--button_gradient_bottom_color:var(--awb-color8);--button_gradient_top_color_hover:var(--awb-color5);--button_gradient_bottom_color_hover:var(--awb-color5);--button_margin-top:20px;\" target=\"_self\" href=\"https:\/\/gam-med-weight-loss.com\/es\/acerca-de\/\"><span class=\"fusion-button-text awb-button__text awb-button__text--default\">Comenzar<\/span><\/a><\/div><div style=\"text-align:left;\"><a class=\"fusion-button button-flat fusion-button-default-size button-custom fusion-button-default button-2 fusion-button-default-span fusion-button-default-type\" style=\"--button_accent_color:var(--awb-color8);--button_border_color:var(--awb-color8);--button_accent_hover_color:var(--awb-color5);--button_border_hover_color:var(--awb-color5);--button_gradient_top_color:rgba(230,31,18,0);--button_gradient_bottom_color:rgba(230,31,18,0);--button_gradient_top_color_hover:rgba(0,0,0,0);--button_gradient_bottom_color_hover:rgba(0,0,0,0);--button_margin-top:20px;\" target=\"_self\" href=\"https:\/\/gam-med-weight-loss.com\/es\/?page_id=2337\"><span class=\"fusion-button-text awb-button__text awb-button__text--default\">M\u00e1s servicios<\/span><\/a><\/div><\/div><\/div><div class=\"fusion-layout-column fusion_builder_column fusion-builder-column-2 fusion-flex-column fusion-no-small-visibility\" style=\"--awb-bg-size:cover;--awb-width-large:10%;--awb-margin-top-large:110px;--awb-spacing-right-large:-100px;--awb-margin-bottom-large:20px;--awb-spacing-left-large:50px;--awb-width-medium:10%;--awb-order-medium:0;--awb-spacing-right-medium:-100px;--awb-spacing-left-medium:50px;--awb-width-small:100%;--awb-order-small:2;--awb-spacing-right-small:2.375%;--awb-spacing-left-small:2.375%;\"><div class=\"fusion-column-wrapper fusion-column-has-shadow fusion-flex-justify-content-flex-start fusion-content-layout-column\"><\/div><\/div><div class=\"fusion-layout-column fusion_builder_column fusion-builder-column-3 fusion-flex-column fusion-no-small-visibility fusion-column-inner-bg-wrapper\" style=\"--awb-overflow:hidden;--awb-inner-bg-position:center center;--awb-inner-bg-size:cover;--awb-box-shadow:0px 20px 80px 0px var(--awb-color2);;--awb-border-radius:6px 6px 6px 80px;--awb-inner-bg-border-radius:6px 6px 6px 80px;--awb-inner-bg-overflow:hidden;--awb-width-large:50%;--awb-margin-top-large:0px;--awb-spacing-right-large:4.75%;--awb-margin-bottom-large:0px;--awb-spacing-left-large:-20px;--awb-width-medium:50%;--awb-order-medium:0;--awb-spacing-right-medium:4.75%;--awb-spacing-left-medium:-20px;--awb-width-small:100%;--awb-order-small:0;--awb-spacing-right-small:2.375%;--awb-spacing-left-small:2.375%;\" data-scroll-devices=\"small-visibility,medium-visibility,large-visibility\"><span class=\"fusion-column-inner-bg hover-type-none\"><a class=\"fusion-column-anchor\" href=\"https:\/\/gam-med-weight-loss.com\/es\/acerca-de\/\"><span class=\"fusion-column-inner-bg-image lazyload\" data-bg=\"http:\/\/gam-med-weight-loss.com\/wp-content\/uploads\/2020\/07\/info-19@2x.jpg\"><\/span><\/a><\/span><div class=\"fusion-column-wrapper fusion-column-has-shadow fusion-flex-justify-content-flex-end fusion-content-layout-column fusion-empty-column-bg-image fusion-column-has-bg-image\" data-bg-url=\"http:\/\/gam-med-weight-loss.com\/wp-content\/uploads\/2020\/07\/info-19@2x.jpg\"><img decoding=\"async\" class=\"fusion-empty-dims-img-placeholder fusion-no-large-visibility fusion-no-medium-visibility\" src=\"data:image\/gif;base64,R0lGODlhAQABAAAAACH5BAEKAAEALAAAAAABAAEAAAICTAEAOw==\"><\/div><\/div><\/div><\/div><\/p>\n","protected":false},"excerpt":{"rendered":"","protected":false},"author":1,"featured_media":0,"parent":0,"menu_order":0,"comment_status":"closed","ping_status":"closed","template":"100-width.php","meta":{"content-type":"","footnotes":""},"class_list":["post-2424","page","type-page","status-publish","hentry"],"yoast_head":"<!-- This site is optimized with the Yoast SEO plugin v26.7 - https:\/\/yoast.com\/wordpress\/plugins\/seo\/ -->\n<title>Asesoramiento nutricional - Gam Med Weight Loss<\/title>\n<meta name=\"description\" content=\"Potencie su viaje de salud con nuestros servicios personalizados de Asesoramiento Nutricional en la Cl\u00ednica de P\u00e9rdida de Peso Gam Med. Aprenda a hacer cambios diet\u00e9ticos sostenibles para el bienestar de por vida.\" \/>\n<meta name=\"robots\" content=\"index, follow, max-snippet:-1, max-image-preview:large, max-video-preview:-1\" \/>\n<link rel=\"canonical\" href=\"https:\/\/gam-med-weight-loss.com\/es\/asesoramiento-nutricional\/\" \/>\n<meta property=\"og:locale\" content=\"es_ES\" \/>\n<meta property=\"og:type\" content=\"article\" \/>\n<meta property=\"og:title\" content=\"Asesoramiento nutricional - Gam Med Weight Loss\" \/>\n<meta property=\"og:description\" content=\"Potencie su viaje de salud con nuestros servicios personalizados de Asesoramiento Nutricional en la Cl\u00ednica de P\u00e9rdida de Peso Gam Med. Aprenda a hacer cambios diet\u00e9ticos sostenibles para el bienestar de por vida.\" \/>\n<meta property=\"og:url\" content=\"https:\/\/gam-med-weight-loss.com\/es\/asesoramiento-nutricional\/\" \/>\n<meta property=\"og:site_name\" content=\"Gam Med Weight Loss\" \/>\n<meta property=\"article:publisher\" content=\"https:\/\/www.facebook.com\/GamMedWeightLoss\" \/>\n<meta property=\"article:modified_time\" content=\"2023-08-29T18:44:42+00:00\" \/>\n<meta name=\"twitter:card\" content=\"summary_large_image\" \/>\n<meta name=\"twitter:label1\" content=\"Tiempo de lectura\" \/>\n\t<meta name=\"twitter:data1\" content=\"21 minutos\" \/>\n<script type=\"application\/ld+json\" class=\"yoast-schema-graph\">{\"@context\":\"https:\/\/schema.org\",\"@graph\":[{\"@type\":\"WebPage\",\"@id\":\"https:\/\/gam-med-weight-loss.com\/es\/asesoramiento-nutricional\/\",\"url\":\"https:\/\/gam-med-weight-loss.com\/es\/asesoramiento-nutricional\/\",\"name\":\"Asesoramiento nutricional - Gam Med Weight Loss\",\"isPartOf\":{\"@id\":\"https:\/\/gam-med-weight-loss.com\/es\/#website\"},\"datePublished\":\"2023-07-08T15:55:25+00:00\",\"dateModified\":\"2023-08-29T18:44:42+00:00\",\"description\":\"Potencie su viaje de salud con nuestros servicios personalizados de Asesoramiento Nutricional en la Cl\u00ednica de P\u00e9rdida de Peso Gam Med. Aprenda a hacer cambios diet\u00e9ticos sostenibles para el bienestar de por vida.\",\"breadcrumb\":{\"@id\":\"https:\/\/gam-med-weight-loss.com\/es\/asesoramiento-nutricional\/#breadcrumb\"},\"inLanguage\":\"es\",\"potentialAction\":[{\"@type\":\"ReadAction\",\"target\":[\"https:\/\/gam-med-weight-loss.com\/es\/asesoramiento-nutricional\/\"]}]},{\"@type\":\"BreadcrumbList\",\"@id\":\"https:\/\/gam-med-weight-loss.com\/es\/asesoramiento-nutricional\/#breadcrumb\",\"itemListElement\":[{\"@type\":\"ListItem\",\"position\":1,\"name\":\"Home\",\"item\":\"https:\/\/gam-med-weight-loss.com\/es\/\"},{\"@type\":\"ListItem\",\"position\":2,\"name\":\"Asesoramiento nutricional\"}]},{\"@type\":\"WebSite\",\"@id\":\"https:\/\/gam-med-weight-loss.com\/es\/#website\",\"url\":\"https:\/\/gam-med-weight-loss.com\/es\/\",\"name\":\"Gam Med Weight Loss + Spa\",\"description\":\"Your Success is Our Success\",\"publisher\":{\"@id\":\"https:\/\/gam-med-weight-loss.com\/es\/#organization\"},\"potentialAction\":[{\"@type\":\"SearchAction\",\"target\":{\"@type\":\"EntryPoint\",\"urlTemplate\":\"https:\/\/gam-med-weight-loss.com\/es\/?s={search_term_string}\"},\"query-input\":{\"@type\":\"PropertyValueSpecification\",\"valueRequired\":true,\"valueName\":\"search_term_string\"}}],\"inLanguage\":\"es\"},{\"@type\":\"Organization\",\"@id\":\"https:\/\/gam-med-weight-loss.com\/es\/#organization\",\"name\":\"Gam Med Weight Loss + Spa\",\"url\":\"https:\/\/gam-med-weight-loss.com\/es\/\",\"logo\":{\"@type\":\"ImageObject\",\"inLanguage\":\"es\",\"@id\":\"https:\/\/gam-med-weight-loss.com\/es\/#\/schema\/logo\/image\/\",\"url\":\"https:\/\/gam-med-weight-loss.com\/wp-content\/uploads\/2023\/07\/da8602_83692f145d794692bf428baa958cb29bmv2.webp\",\"contentUrl\":\"https:\/\/gam-med-weight-loss.com\/wp-content\/uploads\/2023\/07\/da8602_83692f145d794692bf428baa958cb29bmv2.webp\",\"width\":281,\"height\":126,\"caption\":\"Gam Med Weight Loss + Spa\"},\"image\":{\"@id\":\"https:\/\/gam-med-weight-loss.com\/es\/#\/schema\/logo\/image\/\"},\"sameAs\":[\"https:\/\/www.facebook.com\/GamMedWeightLoss\"]}]}<\/script>\n<!-- \/ Yoast SEO plugin. -->","yoast_head_json":{"title":"Asesoramiento nutricional - Gam Med Weight Loss","description":"Potencie su viaje de salud con nuestros servicios personalizados de Asesoramiento Nutricional en la Cl\u00ednica de P\u00e9rdida de Peso Gam Med. Aprenda a hacer cambios diet\u00e9ticos sostenibles para el bienestar de por vida.","robots":{"index":"index","follow":"follow","max-snippet":"max-snippet:-1","max-image-preview":"max-image-preview:large","max-video-preview":"max-video-preview:-1"},"canonical":"https:\/\/gam-med-weight-loss.com\/es\/asesoramiento-nutricional\/","og_locale":"es_ES","og_type":"article","og_title":"Asesoramiento nutricional - Gam Med Weight Loss","og_description":"Potencie su viaje de salud con nuestros servicios personalizados de Asesoramiento Nutricional en la Cl\u00ednica de P\u00e9rdida de Peso Gam Med. Aprenda a hacer cambios diet\u00e9ticos sostenibles para el bienestar de por vida.","og_url":"https:\/\/gam-med-weight-loss.com\/es\/asesoramiento-nutricional\/","og_site_name":"Gam Med Weight Loss","article_publisher":"https:\/\/www.facebook.com\/GamMedWeightLoss","article_modified_time":"2023-08-29T18:44:42+00:00","twitter_card":"summary_large_image","twitter_misc":{"Tiempo de lectura":"21 minutos"},"schema":{"@context":"https:\/\/schema.org","@graph":[{"@type":"WebPage","@id":"https:\/\/gam-med-weight-loss.com\/es\/asesoramiento-nutricional\/","url":"https:\/\/gam-med-weight-loss.com\/es\/asesoramiento-nutricional\/","name":"Asesoramiento nutricional - Gam Med Weight Loss","isPartOf":{"@id":"https:\/\/gam-med-weight-loss.com\/es\/#website"},"datePublished":"2023-07-08T15:55:25+00:00","dateModified":"2023-08-29T18:44:42+00:00","description":"Potencie su viaje de salud con nuestros servicios personalizados de Asesoramiento Nutricional en la Cl\u00ednica de P\u00e9rdida de Peso Gam Med. Aprenda a hacer cambios diet\u00e9ticos sostenibles para el bienestar de por vida.","breadcrumb":{"@id":"https:\/\/gam-med-weight-loss.com\/es\/asesoramiento-nutricional\/#breadcrumb"},"inLanguage":"es","potentialAction":[{"@type":"ReadAction","target":["https:\/\/gam-med-weight-loss.com\/es\/asesoramiento-nutricional\/"]}]},{"@type":"BreadcrumbList","@id":"https:\/\/gam-med-weight-loss.com\/es\/asesoramiento-nutricional\/#breadcrumb","itemListElement":[{"@type":"ListItem","position":1,"name":"Home","item":"https:\/\/gam-med-weight-loss.com\/es\/"},{"@type":"ListItem","position":2,"name":"Asesoramiento nutricional"}]},{"@type":"WebSite","@id":"https:\/\/gam-med-weight-loss.com\/es\/#website","url":"https:\/\/gam-med-weight-loss.com\/es\/","name":"Gam Med Weight Loss + Spa","description":"Your Success is Our Success","publisher":{"@id":"https:\/\/gam-med-weight-loss.com\/es\/#organization"},"potentialAction":[{"@type":"SearchAction","target":{"@type":"EntryPoint","urlTemplate":"https:\/\/gam-med-weight-loss.com\/es\/?s={search_term_string}"},"query-input":{"@type":"PropertyValueSpecification","valueRequired":true,"valueName":"search_term_string"}}],"inLanguage":"es"},{"@type":"Organization","@id":"https:\/\/gam-med-weight-loss.com\/es\/#organization","name":"Gam Med Weight Loss + Spa","url":"https:\/\/gam-med-weight-loss.com\/es\/","logo":{"@type":"ImageObject","inLanguage":"es","@id":"https:\/\/gam-med-weight-loss.com\/es\/#\/schema\/logo\/image\/","url":"https:\/\/gam-med-weight-loss.com\/wp-content\/uploads\/2023\/07\/da8602_83692f145d794692bf428baa958cb29bmv2.webp","contentUrl":"https:\/\/gam-med-weight-loss.com\/wp-content\/uploads\/2023\/07\/da8602_83692f145d794692bf428baa958cb29bmv2.webp","width":281,"height":126,"caption":"Gam Med Weight Loss + Spa"},"image":{"@id":"https:\/\/gam-med-weight-loss.com\/es\/#\/schema\/logo\/image\/"},"sameAs":["https:\/\/www.facebook.com\/GamMedWeightLoss"]}]}},"_links":{"self":[{"href":"https:\/\/gam-med-weight-loss.com\/es\/wp-json\/wp\/v2\/pages\/2424","targetHints":{"allow":["GET"]}}],"collection":[{"href":"https:\/\/gam-med-weight-loss.com\/es\/wp-json\/wp\/v2\/pages"}],"about":[{"href":"https:\/\/gam-med-weight-loss.com\/es\/wp-json\/wp\/v2\/types\/page"}],"author":[{"embeddable":true,"href":"https:\/\/gam-med-weight-loss.com\/es\/wp-json\/wp\/v2\/users\/1"}],"replies":[{"embeddable":true,"href":"https:\/\/gam-med-weight-loss.com\/es\/wp-json\/wp\/v2\/comments?post=2424"}],"version-history":[{"count":6,"href":"https:\/\/gam-med-weight-loss.com\/es\/wp-json\/wp\/v2\/pages\/2424\/revisions"}],"predecessor-version":[{"id":2486,"href":"https:\/\/gam-med-weight-loss.com\/es\/wp-json\/wp\/v2\/pages\/2424\/revisions\/2486"}],"wp:attachment":[{"href":"https:\/\/gam-med-weight-loss.com\/es\/wp-json\/wp\/v2\/media?parent=2424"}],"curies":[{"name":"wp","href":"https:\/\/api.w.org\/{rel}","templated":true}]}}