{"id":2353,"date":"2023-07-08T15:49:45","date_gmt":"2023-07-08T15:49:45","guid":{"rendered":"https:\/\/gam-med-weight-loss.com\/gam-med-inyecciones-quemagrasas\/"},"modified":"2024-05-11T11:51:22","modified_gmt":"2024-05-11T11:51:22","slug":"gam-med-inyecciones-quemagrasas","status":"publish","type":"page","link":"https:\/\/gam-med-weight-loss.com\/es\/gam-med-inyecciones-quemagrasas\/","title":{"rendered":"Gam-Med Inyecciones Quema Grasa"},"content":{"rendered":"<p><div class=\"fusion-fullwidth fullwidth-box fusion-builder-row-1 fusion-flex-container has-pattern-background has-mask-background nonhundred-percent-fullwidth non-hundred-percent-height-scrolling\" style=\"--link_color: var(--awb-color8);--awb-border-radius-top-left:0px;--awb-border-radius-top-right:0px;--awb-border-radius-bottom-right:0px;--awb-border-radius-bottom-left:0px;--awb-padding-top:4%;--awb-padding-bottom:2%;--awb-padding-top-medium:5vh;--awb-padding-bottom-medium:5vh;--awb-padding-top-small:54px;--awb-margin-bottom-small:0px;--awb-background-image:linear-gradient(180deg, var(--awb-color2) 0%,rgba(255,249,243,0) 100%);--awb-flex-wrap:wrap;\" ><div class=\"fusion-builder-row fusion-row fusion-flex-align-items-stretch fusion-flex-justify-content-center fusion-flex-content-wrap\" style=\"max-width:1323px;margin-left: calc(-5% \/ 2 );margin-right: calc(-5% \/ 2 );\"><div class=\"fusion-layout-column fusion_builder_column fusion-builder-column-0 fusion_builder_column_3_5 3_5 fusion-flex-column fusion-flex-align-self-center fusion-animated\" style=\"--awb-padding-top-medium:60px;--awb-padding-bottom-medium:60px;--awb-padding-top-small:0px;--awb-padding-bottom-small:0px;--awb-bg-size:cover;--awb-width-large:60%;--awb-margin-top-large:0px;--awb-spacing-right-large:3.9583333333333%;--awb-margin-bottom-large:20px;--awb-spacing-left-large:3.9583333333333%;--awb-width-medium:40%;--awb-order-medium:0;--awb-spacing-right-medium:5.9375%;--awb-spacing-left-medium:5.9375%;--awb-width-small:100%;--awb-order-small:1;--awb-spacing-right-small:2.375%;--awb-margin-bottom-small:0px;--awb-spacing-left-small:2.375%;\" data-animationType=\"fadeInUp\" data-animationDuration=\"1.0\" data-animationOffset=\"top-into-view\"><div class=\"fusion-column-wrapper fusion-column-has-shadow fusion-flex-justify-content-flex-start fusion-content-layout-column\"><div class=\"fusion-title title fusion-title-1 fusion-sep-none fusion-title-center fusion-title-text fusion-title-size-one\" style=\"--awb-margin-bottom:30px;--awb-font-size:43px;\"><h1 class=\"fusion-title-heading title-heading-center fusion-responsive-typography-calculated\" style=\"margin:0;font-size:1em;--fontSize:43;line-height:var(--awb-typography1-line-height);\">Inyecciones Quema Grasa Gam-Med<\/h1><\/div><div class=\"fusion-text fusion-text-1\" style=\"--awb-content-alignment:center;\"><p>Tu \u00e9xito es nuestro \u00e9xito.<\/p>\n<p>Desbloquea el poder de la p\u00e9rdida acelerada de grasa con las Inyecciones Quema Grasa de Gam-Med. Prueba los efectos transformadores de un metabolismo acelerado, una mayor energ\u00eda y una p\u00e9rdida de peso significativa. Da el primer paso hacia una vida m\u00e1s sana y feliz programando hoy mismo una consulta con nuestro equipo.<\/p>\n<\/div><div class=\"fusion-separator fusion-full-width-sep\" style=\"align-self: center;margin-left: auto;margin-right: auto;margin-bottom:20px;width:100%;\"><\/div><\/div><\/div><\/div><\/div><div class=\"fusion-fullwidth fullwidth-box fusion-builder-row-2 fusion-flex-container has-pattern-background has-mask-background nonhundred-percent-fullwidth non-hundred-percent-height-scrolling\" style=\"--awb-border-radius-top-left:0px;--awb-border-radius-top-right:0px;--awb-border-radius-bottom-right:0px;--awb-border-radius-bottom-left:0px;--awb-margin-top:0px;--awb-margin-bottom:-80px;--awb-margin-bottom-small:0px;--awb-flex-wrap:wrap;\" ><div class=\"fusion-builder-row fusion-row fusion-flex-align-items-stretch fusion-flex-content-wrap\" style=\"max-width:1323px;margin-left: calc(-5% \/ 2 );margin-right: calc(-5% \/ 2 );\"><div class=\"fusion-layout-column fusion_builder_column fusion-builder-column-1 fusion-flex-column fusion-flex-align-self-center\" style=\"--awb-padding-top:120px;--awb-padding-bottom:140px;--awb-padding-top-medium:60px;--awb-padding-bottom-medium:60px;--awb-padding-top-small:20px;--awb-bg-size:cover;--awb-width-large:40%;--awb-margin-top-large:0px;--awb-spacing-right-large:30px;--awb-margin-bottom-large:70px;--awb-spacing-left-large:5.9375%;--awb-width-medium:40%;--awb-order-medium:0;--awb-spacing-right-medium:30px;--awb-spacing-left-medium:5.9375%;--awb-width-small:100%;--awb-order-small:1;--awb-spacing-right-small:2.375%;--awb-margin-bottom-small:0px;--awb-spacing-left-small:2.375%;\"><div class=\"fusion-column-wrapper fusion-column-has-shadow fusion-flex-justify-content-flex-start fusion-content-layout-row\"><div class=\"fusion-image-element fusion-no-medium-visibility fusion-no-large-visibility\" style=\"--awb-margin-bottom:40px;--awb-caption-title-font-family:var(--h2_typography-font-family);--awb-caption-title-font-weight:var(--h2_typography-font-weight);--awb-caption-title-font-style:var(--h2_typography-font-style);--awb-caption-title-size:var(--h2_typography-font-size);--awb-caption-title-transform:var(--h2_typography-text-transform);--awb-caption-title-line-height:var(--h2_typography-line-height);--awb-caption-title-letter-spacing:var(--h2_typography-letter-spacing);\"><span class=\" fusion-imageframe imageframe-none imageframe-1 hover-type-none\" style=\"border-radius:6px 6px 35px 6px;\"><img decoding=\"async\" width=\"1440\" height=\"900\" title=\"shots\" src=\"https:\/\/gam-med-weight-loss.com\/wp-content\/uploads\/2023\/07\/shots.png\" data-orig-src=\"http:\/\/gam-med-weight-loss.com\/wp-content\/uploads\/2023\/07\/shots.png\" alt class=\"lazyload img-responsive wp-image-2304\" srcset=\"data:image\/svg+xml,%3Csvg%20xmlns%3D%27http%3A%2F%2Fwww.w3.org%2F2000%2Fsvg%27%20width%3D%271440%27%20height%3D%27900%27%20viewBox%3D%270%200%201440%20900%27%3E%3Crect%20width%3D%271440%27%20height%3D%27900%27%20fill-opacity%3D%220%22%2F%3E%3C%2Fsvg%3E\" data-srcset=\"https:\/\/gam-med-weight-loss.com\/wp-content\/uploads\/2023\/07\/shots-200x125.png 200w, https:\/\/gam-med-weight-loss.com\/wp-content\/uploads\/2023\/07\/shots-400x250.png 400w, https:\/\/gam-med-weight-loss.com\/wp-content\/uploads\/2023\/07\/shots-600x375.png 600w, https:\/\/gam-med-weight-loss.com\/wp-content\/uploads\/2023\/07\/shots-800x500.png 800w, https:\/\/gam-med-weight-loss.com\/wp-content\/uploads\/2023\/07\/shots-1200x750.png 1200w, https:\/\/gam-med-weight-loss.com\/wp-content\/uploads\/2023\/07\/shots.png 1440w\" data-sizes=\"auto\" data-orig-sizes=\"(max-width: 1024px) 100vw, (max-width: 740px) 100vw, 600px\" \/><\/span><\/div><div class=\"fusion-title title fusion-title-2 fusion-sep-none fusion-title-text fusion-title-size-four\" style=\"--awb-margin-bottom:25px;--awb-font-size:43px;\"><h4 class=\"fusion-title-heading title-heading-left fusion-responsive-typography-calculated\" style=\"margin:0;font-size:1em;--fontSize:43;line-height:1.35;\">Aumenta la quema de grasa<\/h4><\/div><div class=\"fusion-text fusion-text-2\"><p>La receta exclusiva de nuestras inyecciones contiene poderosos ingredientes conocidos por estimular el metabolismo, como las vitaminas del grupo B, la metionina, el inositol y la colina. Estos componentes trabajan juntos para optimizar la capacidad de tu cuerpo para quemar grasa, lo que te permite alcanzar m\u00e1s r\u00e1pido tus objetivos de perder peso. Ademas de ser potentes antioxidantes, cada uno de estos ingredientes ayuda al organismo a transformar la grasa.<\/p>\n<\/div><div class=\"fusion-title title fusion-title-3 fusion-sep-none fusion-title-text fusion-title-size-four\" style=\"--awb-margin-bottom:25px;--awb-font-size:43px;\"><h4 class=\"fusion-title-heading title-heading-left fusion-responsive-typography-calculated\" style=\"margin:0;font-size:1em;--fontSize:43;line-height:1.35;\">Mayor energ\u00eda y vitalidad<\/h4><\/div><div class=\"fusion-text fusion-text-3\"><p>Recibe un profundo impulso de energ\u00eda y vitalidad con las Inyecciones Quema Grasa de Gam Med. Dise\u00f1adas espec\u00edficamente para optimizar el metabolismo, estas inyecciones pueden ayudarte a sentirte m\u00e1s en\u00e9rgico y activo, impactando definitivamente tu proceso de p\u00e9rdida de peso y tu bienestar general.<\/p>\n<\/div><div class=\"fusion-title title fusion-title-4 fusion-sep-none fusion-title-text fusion-title-size-four\" style=\"--awb-margin-bottom:25px;--awb-font-size:43px;\"><h4 class=\"fusion-title-heading title-heading-left fusion-responsive-typography-calculated\" style=\"margin:0;font-size:1em;--fontSize:43;line-height:1.35;\">Seguridad y calidad<\/h4><\/div><div class=\"fusion-text fusion-text-4\"><p>Tu bienestar es nuestra m\u00e1xima prioridad. Nuestras Inyecciones Quema Grasa se preparan de acuerdo con las normas de seguridad y calidad m\u00e1s exigentes. S\u00f3lo utilizamos ingredientes de alta calidad para garantizarte que recibas un producto seguro y eficaz.<\/p>\n<p>Advertencia: Las Inyecciones Quema Grasa est\u00e1n pensadas para contribuir al proceso de p\u00e9rdida de peso cuando se combinan con una dieta sana y ejercicio regular. Los resultados individuales pueden variar. Consulta a nuestros profesionales m\u00e9dicos para determinar si este tratamiento es adecuado para ti.<\/p>\n<\/div><div class=\"fusion-separator fusion-full-width-sep\" style=\"align-self: center;margin-left: auto;margin-right: auto;margin-bottom:20px;width:100%;\"><\/div><div style=\"text-align:left;\"><a class=\"fusion-button button-flat fusion-button-default-size button-custom fusion-button-default button-1 fusion-button-default-span fusion-button-default-type\" style=\"--button_accent_color:var(--awb-color1);--button_accent_hover_color:var(--awb-color1);--button_border_hover_color:var(--awb-color1);--button_gradient_top_color:var(--awb-color8);--button_gradient_bottom_color:var(--awb-color8);--button_gradient_top_color_hover:var(--awb-color5);--button_gradient_bottom_color_hover:var(--awb-color5);--button_margin-top:20px;\" target=\"_self\" href=\"https:\/\/gam-med-weight-loss.com\/about\/\"><span class=\"fusion-button-text awb-button__text awb-button__text--default\">Comenzar<\/span><\/a><\/div><div style=\"text-align:left;\"><a class=\"fusion-button button-flat fusion-button-default-size button-custom fusion-button-default button-2 fusion-button-default-span fusion-button-default-type\" style=\"--button_accent_color:var(--awb-color8);--button_border_color:var(--awb-color8);--button_accent_hover_color:var(--awb-color5);--button_border_hover_color:var(--awb-color5);--button_gradient_top_color:rgba(230,31,18,0);--button_gradient_bottom_color:rgba(230,31,18,0);--button_gradient_top_color_hover:rgba(0,0,0,0);--button_gradient_bottom_color_hover:rgba(0,0,0,0);--button_margin-top:20px;\" target=\"_self\" href=\"https:\/\/gam-med-weight-loss.com\/services\/\"><span class=\"fusion-button-text awb-button__text awb-button__text--default\">M\u00e1s servicios<\/span><\/a><\/div><\/div><\/div><div class=\"fusion-layout-column fusion_builder_column fusion-builder-column-2 fusion-flex-column fusion-no-small-visibility\" style=\"--awb-bg-size:cover;--awb-width-large:10%;--awb-margin-top-large:110px;--awb-spacing-right-large:-100px;--awb-margin-bottom-large:20px;--awb-spacing-left-large:50px;--awb-width-medium:10%;--awb-order-medium:0;--awb-spacing-right-medium:-100px;--awb-spacing-left-medium:50px;--awb-width-small:100%;--awb-order-small:2;--awb-spacing-right-small:2.375%;--awb-spacing-left-small:2.375%;\"><div class=\"fusion-column-wrapper fusion-column-has-shadow fusion-flex-justify-content-flex-start fusion-content-layout-column\"><\/div><\/div><div class=\"fusion-layout-column fusion_builder_column fusion-builder-column-3 fusion-flex-column fusion-no-small-visibility fusion-column-inner-bg-wrapper\" style=\"--awb-overflow:hidden;--awb-inner-bg-position:center center;--awb-inner-bg-size:cover;--awb-box-shadow:0px 20px 80px 0px var(--awb-color2);;--awb-border-radius:6px 6px 6px 80px;--awb-inner-bg-border-radius:6px 6px 6px 80px;--awb-inner-bg-overflow:hidden;--awb-width-large:50%;--awb-margin-top-large:0px;--awb-spacing-right-large:4.75%;--awb-margin-bottom-large:0px;--awb-spacing-left-large:-20px;--awb-width-medium:50%;--awb-order-medium:0;--awb-spacing-right-medium:4.75%;--awb-spacing-left-medium:-20px;--awb-width-small:100%;--awb-order-small:0;--awb-spacing-right-small:2.375%;--awb-spacing-left-small:2.375%;\" data-scroll-devices=\"small-visibility,medium-visibility,large-visibility\"><span class=\"fusion-column-inner-bg hover-type-none\"><a class=\"fusion-column-anchor\" href=\"https:\/\/gam-med-weight-loss.com\/about\/\"><span class=\"fusion-column-inner-bg-image lazyload\" data-bg=\"http:\/\/gam-med-weight-loss.com\/wp-content\/uploads\/2023\/07\/shots.png\"><\/span><\/a><\/span><div class=\"fusion-column-wrapper fusion-column-has-shadow fusion-flex-justify-content-flex-end fusion-content-layout-column fusion-empty-column-bg-image fusion-column-has-bg-image\" data-bg-url=\"http:\/\/gam-med-weight-loss.com\/wp-content\/uploads\/2023\/07\/shots.png\"><img decoding=\"async\" class=\"fusion-empty-dims-img-placeholder fusion-no-large-visibility fusion-no-medium-visibility\" src=\"data:image\/gif;base64,R0lGODlhAQABAAAAACH5BAEKAAEALAAAAAABAAEAAAICTAEAOw==\"><\/div><\/div><\/div><\/div><\/p>\n","protected":false},"excerpt":{"rendered":"","protected":false},"author":1,"featured_media":0,"parent":0,"menu_order":0,"comment_status":"closed","ping_status":"closed","template":"100-width.php","meta":{"content-type":"","footnotes":""},"class_list":["post-2353","page","type-page","status-publish","hentry"],"yoast_head":"<!-- This site is optimized with the Yoast SEO plugin v26.7 - https:\/\/yoast.com\/wordpress\/plugins\/seo\/ -->\n<title>Gam-Med Inyecciones Quema Grasa - Gam Med Weight Loss<\/title>\n<meta name=\"description\" content=\"Optimiza tu metabolismo y acelera tu p\u00e9rdida de peso con nuestras inyecciones quema grasa Gam-Med. Descubre m\u00e1s sobre este eficaz tratamiento.\" \/>\n<meta name=\"robots\" content=\"index, follow, max-snippet:-1, max-image-preview:large, max-video-preview:-1\" \/>\n<link rel=\"canonical\" href=\"https:\/\/gam-med-weight-loss.com\/es\/gam-med-inyecciones-quemagrasas\/\" \/>\n<meta property=\"og:locale\" content=\"es_ES\" \/>\n<meta property=\"og:type\" content=\"article\" \/>\n<meta property=\"og:title\" content=\"Gam-Med Inyecciones Quema Grasa - Gam Med Weight Loss\" \/>\n<meta property=\"og:description\" content=\"Optimiza tu metabolismo y acelera tu p\u00e9rdida de peso con nuestras inyecciones quema grasa Gam-Med. Descubre m\u00e1s sobre este eficaz tratamiento.\" \/>\n<meta property=\"og:url\" content=\"https:\/\/gam-med-weight-loss.com\/es\/gam-med-inyecciones-quemagrasas\/\" \/>\n<meta property=\"og:site_name\" content=\"Gam Med Weight Loss\" \/>\n<meta property=\"article:publisher\" content=\"https:\/\/www.facebook.com\/GamMedWeightLoss\" \/>\n<meta property=\"article:modified_time\" content=\"2024-05-11T11:51:22+00:00\" \/>\n<meta name=\"twitter:card\" content=\"summary_large_image\" \/>\n<meta name=\"twitter:label1\" content=\"Tiempo de lectura\" \/>\n\t<meta name=\"twitter:data1\" content=\"2 minutos\" \/>\n<script type=\"application\/ld+json\" class=\"yoast-schema-graph\">{\"@context\":\"https:\/\/schema.org\",\"@graph\":[{\"@type\":\"WebPage\",\"@id\":\"https:\/\/gam-med-weight-loss.com\/es\/gam-med-inyecciones-quemagrasas\/\",\"url\":\"https:\/\/gam-med-weight-loss.com\/es\/gam-med-inyecciones-quemagrasas\/\",\"name\":\"Gam-Med Inyecciones Quema Grasa - Gam Med Weight Loss\",\"isPartOf\":{\"@id\":\"https:\/\/gam-med-weight-loss.com\/es\/#website\"},\"datePublished\":\"2023-07-08T15:49:45+00:00\",\"dateModified\":\"2024-05-11T11:51:22+00:00\",\"description\":\"Optimiza tu metabolismo y acelera tu p\u00e9rdida de peso con nuestras inyecciones quema grasa Gam-Med. Descubre m\u00e1s sobre este eficaz tratamiento.\",\"breadcrumb\":{\"@id\":\"https:\/\/gam-med-weight-loss.com\/es\/gam-med-inyecciones-quemagrasas\/#breadcrumb\"},\"inLanguage\":\"es\",\"potentialAction\":[{\"@type\":\"ReadAction\",\"target\":[\"https:\/\/gam-med-weight-loss.com\/es\/gam-med-inyecciones-quemagrasas\/\"]}]},{\"@type\":\"BreadcrumbList\",\"@id\":\"https:\/\/gam-med-weight-loss.com\/es\/gam-med-inyecciones-quemagrasas\/#breadcrumb\",\"itemListElement\":[{\"@type\":\"ListItem\",\"position\":1,\"name\":\"Home\",\"item\":\"https:\/\/gam-med-weight-loss.com\/es\/\"},{\"@type\":\"ListItem\",\"position\":2,\"name\":\"Gam-Med Inyecciones Quema Grasa\"}]},{\"@type\":\"WebSite\",\"@id\":\"https:\/\/gam-med-weight-loss.com\/es\/#website\",\"url\":\"https:\/\/gam-med-weight-loss.com\/es\/\",\"name\":\"Gam Med Weight Loss + Spa\",\"description\":\"Your Success is Our Success\",\"publisher\":{\"@id\":\"https:\/\/gam-med-weight-loss.com\/es\/#organization\"},\"potentialAction\":[{\"@type\":\"SearchAction\",\"target\":{\"@type\":\"EntryPoint\",\"urlTemplate\":\"https:\/\/gam-med-weight-loss.com\/es\/?s={search_term_string}\"},\"query-input\":{\"@type\":\"PropertyValueSpecification\",\"valueRequired\":true,\"valueName\":\"search_term_string\"}}],\"inLanguage\":\"es\"},{\"@type\":\"Organization\",\"@id\":\"https:\/\/gam-med-weight-loss.com\/es\/#organization\",\"name\":\"Gam Med Weight Loss + Spa\",\"url\":\"https:\/\/gam-med-weight-loss.com\/es\/\",\"logo\":{\"@type\":\"ImageObject\",\"inLanguage\":\"es\",\"@id\":\"https:\/\/gam-med-weight-loss.com\/es\/#\/schema\/logo\/image\/\",\"url\":\"https:\/\/gam-med-weight-loss.com\/wp-content\/uploads\/2023\/07\/da8602_83692f145d794692bf428baa958cb29bmv2.webp\",\"contentUrl\":\"https:\/\/gam-med-weight-loss.com\/wp-content\/uploads\/2023\/07\/da8602_83692f145d794692bf428baa958cb29bmv2.webp\",\"width\":281,\"height\":126,\"caption\":\"Gam Med Weight Loss + Spa\"},\"image\":{\"@id\":\"https:\/\/gam-med-weight-loss.com\/es\/#\/schema\/logo\/image\/\"},\"sameAs\":[\"https:\/\/www.facebook.com\/GamMedWeightLoss\"]}]}<\/script>\n<!-- \/ Yoast SEO plugin. -->","yoast_head_json":{"title":"Gam-Med Inyecciones Quema Grasa - Gam Med Weight Loss","description":"Optimiza tu metabolismo y acelera tu p\u00e9rdida de peso con nuestras inyecciones quema grasa Gam-Med. Descubre m\u00e1s sobre este eficaz tratamiento.","robots":{"index":"index","follow":"follow","max-snippet":"max-snippet:-1","max-image-preview":"max-image-preview:large","max-video-preview":"max-video-preview:-1"},"canonical":"https:\/\/gam-med-weight-loss.com\/es\/gam-med-inyecciones-quemagrasas\/","og_locale":"es_ES","og_type":"article","og_title":"Gam-Med Inyecciones Quema Grasa - Gam Med Weight Loss","og_description":"Optimiza tu metabolismo y acelera tu p\u00e9rdida de peso con nuestras inyecciones quema grasa Gam-Med. Descubre m\u00e1s sobre este eficaz tratamiento.","og_url":"https:\/\/gam-med-weight-loss.com\/es\/gam-med-inyecciones-quemagrasas\/","og_site_name":"Gam Med Weight Loss","article_publisher":"https:\/\/www.facebook.com\/GamMedWeightLoss","article_modified_time":"2024-05-11T11:51:22+00:00","twitter_card":"summary_large_image","twitter_misc":{"Tiempo de lectura":"2 minutos"},"schema":{"@context":"https:\/\/schema.org","@graph":[{"@type":"WebPage","@id":"https:\/\/gam-med-weight-loss.com\/es\/gam-med-inyecciones-quemagrasas\/","url":"https:\/\/gam-med-weight-loss.com\/es\/gam-med-inyecciones-quemagrasas\/","name":"Gam-Med Inyecciones Quema Grasa - Gam Med Weight Loss","isPartOf":{"@id":"https:\/\/gam-med-weight-loss.com\/es\/#website"},"datePublished":"2023-07-08T15:49:45+00:00","dateModified":"2024-05-11T11:51:22+00:00","description":"Optimiza tu metabolismo y acelera tu p\u00e9rdida de peso con nuestras inyecciones quema grasa Gam-Med. Descubre m\u00e1s sobre este eficaz tratamiento.","breadcrumb":{"@id":"https:\/\/gam-med-weight-loss.com\/es\/gam-med-inyecciones-quemagrasas\/#breadcrumb"},"inLanguage":"es","potentialAction":[{"@type":"ReadAction","target":["https:\/\/gam-med-weight-loss.com\/es\/gam-med-inyecciones-quemagrasas\/"]}]},{"@type":"BreadcrumbList","@id":"https:\/\/gam-med-weight-loss.com\/es\/gam-med-inyecciones-quemagrasas\/#breadcrumb","itemListElement":[{"@type":"ListItem","position":1,"name":"Home","item":"https:\/\/gam-med-weight-loss.com\/es\/"},{"@type":"ListItem","position":2,"name":"Gam-Med Inyecciones Quema Grasa"}]},{"@type":"WebSite","@id":"https:\/\/gam-med-weight-loss.com\/es\/#website","url":"https:\/\/gam-med-weight-loss.com\/es\/","name":"Gam Med Weight Loss + Spa","description":"Your Success is Our Success","publisher":{"@id":"https:\/\/gam-med-weight-loss.com\/es\/#organization"},"potentialAction":[{"@type":"SearchAction","target":{"@type":"EntryPoint","urlTemplate":"https:\/\/gam-med-weight-loss.com\/es\/?s={search_term_string}"},"query-input":{"@type":"PropertyValueSpecification","valueRequired":true,"valueName":"search_term_string"}}],"inLanguage":"es"},{"@type":"Organization","@id":"https:\/\/gam-med-weight-loss.com\/es\/#organization","name":"Gam Med Weight Loss + Spa","url":"https:\/\/gam-med-weight-loss.com\/es\/","logo":{"@type":"ImageObject","inLanguage":"es","@id":"https:\/\/gam-med-weight-loss.com\/es\/#\/schema\/logo\/image\/","url":"https:\/\/gam-med-weight-loss.com\/wp-content\/uploads\/2023\/07\/da8602_83692f145d794692bf428baa958cb29bmv2.webp","contentUrl":"https:\/\/gam-med-weight-loss.com\/wp-content\/uploads\/2023\/07\/da8602_83692f145d794692bf428baa958cb29bmv2.webp","width":281,"height":126,"caption":"Gam Med Weight Loss + Spa"},"image":{"@id":"https:\/\/gam-med-weight-loss.com\/es\/#\/schema\/logo\/image\/"},"sameAs":["https:\/\/www.facebook.com\/GamMedWeightLoss"]}]}},"_links":{"self":[{"href":"https:\/\/gam-med-weight-loss.com\/es\/wp-json\/wp\/v2\/pages\/2353","targetHints":{"allow":["GET"]}}],"collection":[{"href":"https:\/\/gam-med-weight-loss.com\/es\/wp-json\/wp\/v2\/pages"}],"about":[{"href":"https:\/\/gam-med-weight-loss.com\/es\/wp-json\/wp\/v2\/types\/page"}],"author":[{"embeddable":true,"href":"https:\/\/gam-med-weight-loss.com\/es\/wp-json\/wp\/v2\/users\/1"}],"replies":[{"embeddable":true,"href":"https:\/\/gam-med-weight-loss.com\/es\/wp-json\/wp\/v2\/comments?post=2353"}],"version-history":[{"count":6,"href":"https:\/\/gam-med-weight-loss.com\/es\/wp-json\/wp\/v2\/pages\/2353\/revisions"}],"predecessor-version":[{"id":2824,"href":"https:\/\/gam-med-weight-loss.com\/es\/wp-json\/wp\/v2\/pages\/2353\/revisions\/2824"}],"wp:attachment":[{"href":"https:\/\/gam-med-weight-loss.com\/es\/wp-json\/wp\/v2\/media?parent=2353"}],"curies":[{"name":"wp","href":"https:\/\/api.w.org\/{rel}","templated":true}]}}