{"id":2322,"date":"2020-08-14T13:24:14","date_gmt":"2020-08-14T13:24:14","guid":{"rendered":"https:\/\/gam-med-weight-loss.com\/blog\/"},"modified":"2023-08-25T19:05:50","modified_gmt":"2023-08-25T19:05:50","slug":"blog","status":"publish","type":"page","link":"https:\/\/gam-med-weight-loss.com\/es\/blog\/","title":{"rendered":"Blog"},"content":{"rendered":"<div class=\"fusion-fullwidth fullwidth-box fusion-builder-row-1 fusion-flex-container nonhundred-percent-fullwidth non-hundred-percent-height-scrolling\" style=\"--link_hover_color: var(--awb-color8);--link_color: var(--awb-color5);--awb-border-radius-top-left:0px;--awb-border-radius-top-right:0px;--awb-border-radius-bottom-right:0px;--awb-border-radius-bottom-left:0px;--awb-padding-top:120px;--awb-padding-bottom:20px;--awb-padding-top-medium:60px;--awb-padding-bottom-medium:0px;--awb-padding-top-small:60px;--awb-padding-bottom-small:0px;--awb-background-color:var(--awb-color2);--awb-flex-wrap:wrap;\" ><div class=\"fusion-builder-row fusion-row fusion-flex-align-items-stretch fusion-flex-content-wrap\" style=\"max-width:1323px;margin-left: calc(-5% \/ 2 );margin-right: calc(-5% \/ 2 );\"><div class=\"fusion-layout-column fusion_builder_column fusion-builder-column-0 fusion_builder_column_1_1 1_1 fusion-flex-column\" style=\"--awb-bg-size:cover;--awb-width-large:100%;--awb-margin-top-large:0px;--awb-spacing-right-large:2.375%;--awb-margin-bottom-large:20px;--awb-spacing-left-large:2.375%;--awb-width-medium:100%;--awb-order-medium:0;--awb-spacing-right-medium:2.375%;--awb-spacing-left-medium:2.375%;--awb-width-small:100%;--awb-order-small:0;--awb-spacing-right-small:2.375%;--awb-spacing-left-small:2.375%;\"><div class=\"fusion-column-wrapper fusion-column-has-shadow fusion-flex-justify-content-flex-start fusion-content-layout-column\"><div class=\"fusion-blog-shortcode fusion-blog-shortcode-1 fusion-blog-archive fusion-blog-layout-grid-wrapper fusion-blog-pagination\"><style type=\"text\/css\">.fusion-blog-shortcode-1 .fusion-blog-layout-grid .fusion-post-grid{padding:30px;}.fusion-blog-shortcode-1 .fusion-posts-container{margin-left: -30px !important; margin-right:-30px !important;}<\/style><div class=\"fusion-posts-container fusion-posts-container-pagination fusion-blog-rollover fusion-blog-layout-grid fusion-blog-layout-grid-3 isotope fusion-blog-equal-heights\" data-pages=\"6\" data-grid-col-space=\"60\" style=\"margin: -30px -30px 0;min-height:500px;\"><article id=\"blog-1-post-2490\" class=\"fusion-post-grid post-2490 post type-post status-publish format-standard has-post-thumbnail hentry category-sin-categorizar\">\n<div class=\"fusion-post-wrapper\" style=\"background-color:rgba(255,249,243,0);border:none;\">\n\n\t\t\t<div class=\"fusion-flexslider flexslider fusion-flexslider-loading fusion-post-slideshow\" style=\"border-color:rgba(255,255,255,0);\">\n\t\t<ul class=\"slides\">\n\t\t\t\n\t\t\t\t\t\t\t\t\t\t\t\t\t\t<li><div  class=\"fusion-image-wrapper\" aria-haspopup=\"true\">\n\t\t\t\t<img decoding=\"async\" width=\"1200\" height=\"800\" src=\"https:\/\/gam-med-weight-loss.com\/wp-content\/uploads\/2023\/08\/image1-2.jpg\" class=\"attachment-full size-full lazyload wp-post-image\" alt=\"Overweight woman applying diabetes medicine\" srcset=\"data:image\/svg+xml,%3Csvg%20xmlns%3D%27http%3A%2F%2Fwww.w3.org%2F2000%2Fsvg%27%20width%3D%271200%27%20height%3D%27800%27%20viewBox%3D%270%200%201200%20800%27%3E%3Crect%20width%3D%271200%27%20height%3D%27800%27%20fill-opacity%3D%220%22%2F%3E%3C%2Fsvg%3E\" data-orig-src=\"https:\/\/gam-med-weight-loss.com\/wp-content\/uploads\/2023\/08\/image1-2.jpg\" data-srcset=\"https:\/\/gam-med-weight-loss.com\/wp-content\/uploads\/2023\/08\/image1-2-200x133.jpg 200w, https:\/\/gam-med-weight-loss.com\/wp-content\/uploads\/2023\/08\/image1-2-400x267.jpg 400w, https:\/\/gam-med-weight-loss.com\/wp-content\/uploads\/2023\/08\/image1-2-600x400.jpg 600w, https:\/\/gam-med-weight-loss.com\/wp-content\/uploads\/2023\/08\/image1-2-800x533.jpg 800w, https:\/\/gam-med-weight-loss.com\/wp-content\/uploads\/2023\/08\/image1-2.jpg 1200w\" data-sizes=\"auto\" \/><div class=\"fusion-rollover\">\n\t<div class=\"fusion-rollover-content\">\n\n\t\t\t\t\t\t\t\t\t\t\t\t\t\t<a class=\"fusion-rollover-link\" href=\"https:\/\/gam-med-weight-loss.com\/es\/sopesando-los-beneficios-inyecciones-de-liposuccion-con-gam-med-weight-loss\/\">Sopesando los beneficios: inyecciones de liposucci\u00f3n con Gam-Med Weight Loss<\/a>\n\t\t\t\n\t\t\t\t\t\t\t\t\n\t\t\n\t\t\t\t\t\t\t\t\t\t\t\t<h4 class=\"fusion-rollover-title\">\n\t\t\t\t\t<a class=\"fusion-rollover-title-link\" href=\"https:\/\/gam-med-weight-loss.com\/es\/sopesando-los-beneficios-inyecciones-de-liposuccion-con-gam-med-weight-loss\/\">\n\t\t\t\t\t\tSopesando los beneficios: inyecciones de liposucci\u00f3n con Gam-Med Weight Loss\t\t\t\t\t<\/a>\n\t\t\t\t<\/h4>\n\t\t\t\n\t\t\t\t\t\t\t\t\n\t\t\n\t\t\t\t\t\t<a class=\"fusion-link-wrapper\" href=\"https:\/\/gam-med-weight-loss.com\/es\/sopesando-los-beneficios-inyecciones-de-liposuccion-con-gam-med-weight-loss\/\" aria-label=\"Sopesando los beneficios: inyecciones de liposucci\u00f3n con Gam-Med Weight Loss\"><\/a>\n\t<\/div>\n<\/div>\n<\/div>\n<\/li>\n\t\t\t\n\t\t\t\n\t\t\t\t\t\t\t\t\t\t\t\t\t\t\t\t\t\t\t\t\t\t\t\t\t\t\t\t\t\t\t\t\t\t\t\t\t\t\t\t\t\t\t\t\t\t\t\t\t\t\t\t\t\t\t\t\t\t\t\t\t\t\t\t\t\t\t\t<\/ul>\n\t<\/div>\n\t<div class=\"fusion-post-content-wrapper\" style=\"padding:60px 60px 60px 0;\"><div class=\"fusion-post-content post-content\"><h2 class=\"blog-shortcode-post-title entry-title\">Sopesando los beneficios: inyecciones de liposucci\u00f3n con Gam-Med Weight Loss<\/h2><span class=\"vcard\" style=\"display: none;\"><span class=\"fn\"><a href=\"https:\/\/gam-med-weight-loss.com\/es\/author\/admin\/\" title=\"Entradas de admin\" rel=\"author\">admin<\/a><\/span><\/span><span class=\"updated\" style=\"display:none;\">2023-10-27T19:44:14+00:00<\/span><div class=\"fusion-content-sep sep-none\"><\/div><div class=\"fusion-post-content-container\"><p>La b\u00fasqueda de la salud, el bienestar y un cuerpo[...]<\/p><\/div><\/div><div class=\"fusion-meta-info\"><div class=\"fusion-alignleft\"><a class=\"fusion-read-more\" href=\"https:\/\/gam-med-weight-loss.com\/es\/sopesando-los-beneficios-inyecciones-de-liposuccion-con-gam-med-weight-loss\/\" aria-label=\"More on Sopesando los beneficios: inyecciones de liposucci\u00f3n con Gam-Med Weight Loss\">Read More<\/a><\/div><\/div><\/div><div class=\"fusion-clearfix\"><\/div><\/div>\n<\/article>\n<article id=\"blog-1-post-2491\" class=\"fusion-post-grid post-2491 post type-post status-publish format-standard has-post-thumbnail hentry category-sin-categorizar\">\n<div class=\"fusion-post-wrapper\" style=\"background-color:rgba(255,249,243,0);border:none;\">\n\n\t\t\t<div class=\"fusion-flexslider flexslider fusion-flexslider-loading fusion-post-slideshow\" style=\"border-color:rgba(255,255,255,0);\">\n\t\t<ul class=\"slides\">\n\t\t\t\n\t\t\t\t\t\t\t\t\t\t\t\t\t\t<li><div  class=\"fusion-image-wrapper\" aria-haspopup=\"true\">\n\t\t\t\t<img decoding=\"async\" width=\"1613\" height=\"1075\" src=\"https:\/\/gam-med-weight-loss.com\/wp-content\/uploads\/2023\/08\/image1-1.jpg\" class=\"attachment-full size-full lazyload wp-post-image\" alt=\"Ultrasound Cavitation\" srcset=\"data:image\/svg+xml,%3Csvg%20xmlns%3D%27http%3A%2F%2Fwww.w3.org%2F2000%2Fsvg%27%20width%3D%271613%27%20height%3D%271075%27%20viewBox%3D%270%200%201613%201075%27%3E%3Crect%20width%3D%271613%27%20height%3D%271075%27%20fill-opacity%3D%220%22%2F%3E%3C%2Fsvg%3E\" data-orig-src=\"https:\/\/gam-med-weight-loss.com\/wp-content\/uploads\/2023\/08\/image1-1.jpg\" data-srcset=\"https:\/\/gam-med-weight-loss.com\/wp-content\/uploads\/2023\/08\/image1-1-200x133.jpg 200w, https:\/\/gam-med-weight-loss.com\/wp-content\/uploads\/2023\/08\/image1-1-400x267.jpg 400w, https:\/\/gam-med-weight-loss.com\/wp-content\/uploads\/2023\/08\/image1-1-600x400.jpg 600w, https:\/\/gam-med-weight-loss.com\/wp-content\/uploads\/2023\/08\/image1-1-800x533.jpg 800w, https:\/\/gam-med-weight-loss.com\/wp-content\/uploads\/2023\/08\/image1-1-1200x800.jpg 1200w, https:\/\/gam-med-weight-loss.com\/wp-content\/uploads\/2023\/08\/image1-1.jpg 1613w\" data-sizes=\"auto\" \/><div class=\"fusion-rollover\">\n\t<div class=\"fusion-rollover-content\">\n\n\t\t\t\t\t\t\t\t\t\t\t\t\t\t<a class=\"fusion-rollover-link\" href=\"https:\/\/gam-med-weight-loss.com\/es\/cavitacion-ultrasonica-en-gam-med-weight-loss-sumerjase-mas-profundamente-en-los-rumores\/\">Cavitaci\u00f3n ultras\u00f3nica en Gam-Med Weight Loss: \u00a1sum\u00e9rjase m\u00e1s profundamente en los rumores!<\/a>\n\t\t\t\n\t\t\t\t\t\t\t\t\n\t\t\n\t\t\t\t\t\t\t\t\t\t\t\t<h4 class=\"fusion-rollover-title\">\n\t\t\t\t\t<a class=\"fusion-rollover-title-link\" href=\"https:\/\/gam-med-weight-loss.com\/es\/cavitacion-ultrasonica-en-gam-med-weight-loss-sumerjase-mas-profundamente-en-los-rumores\/\">\n\t\t\t\t\t\tCavitaci\u00f3n ultras\u00f3nica en Gam-Med Weight Loss: \u00a1sum\u00e9rjase m\u00e1s profundamente en los rumores!\t\t\t\t\t<\/a>\n\t\t\t\t<\/h4>\n\t\t\t\n\t\t\t\t\t\t\t\t\n\t\t\n\t\t\t\t\t\t<a class=\"fusion-link-wrapper\" href=\"https:\/\/gam-med-weight-loss.com\/es\/cavitacion-ultrasonica-en-gam-med-weight-loss-sumerjase-mas-profundamente-en-los-rumores\/\" aria-label=\"Cavitaci\u00f3n ultras\u00f3nica en Gam-Med Weight Loss: \u00a1sum\u00e9rjase m\u00e1s profundamente en los rumores!\"><\/a>\n\t<\/div>\n<\/div>\n<\/div>\n<\/li>\n\t\t\t\n\t\t\t\n\t\t\t\t\t\t\t\t\t\t\t\t\t\t\t\t\t\t\t\t\t\t\t\t\t\t\t\t\t\t\t\t\t\t\t\t\t\t\t\t\t\t\t\t\t\t\t\t\t\t\t\t\t\t\t\t\t\t\t\t\t\t\t\t\t\t\t\t<\/ul>\n\t<\/div>\n\t<div class=\"fusion-post-content-wrapper\" style=\"padding:60px 60px 60px 0;\"><div class=\"fusion-post-content post-content\"><h2 class=\"blog-shortcode-post-title entry-title\">Cavitaci\u00f3n ultras\u00f3nica en Gam-Med Weight Loss: \u00a1sum\u00e9rjase m\u00e1s profundamente en los rumores!<\/h2><span class=\"vcard\" style=\"display: none;\"><span class=\"fn\"><a href=\"https:\/\/gam-med-weight-loss.com\/es\/author\/admin\/\" title=\"Entradas de admin\" rel=\"author\">admin<\/a><\/span><\/span><span class=\"updated\" style=\"display:none;\">2023-10-27T19:43:38+00:00<\/span><div class=\"fusion-content-sep sep-none\"><\/div><div class=\"fusion-post-content-container\"><p>El mundo de los tratamientos cosm\u00e9ticos y de mejora corporal[...]<\/p><\/div><\/div><div class=\"fusion-meta-info\"><div class=\"fusion-alignleft\"><a class=\"fusion-read-more\" href=\"https:\/\/gam-med-weight-loss.com\/es\/cavitacion-ultrasonica-en-gam-med-weight-loss-sumerjase-mas-profundamente-en-los-rumores\/\" aria-label=\"More on Cavitaci\u00f3n ultras\u00f3nica en Gam-Med Weight Loss: \u00a1sum\u00e9rjase m\u00e1s profundamente en los rumores!\">Read More<\/a><\/div><\/div><\/div><div class=\"fusion-clearfix\"><\/div><\/div>\n<\/article>\n<article id=\"blog-1-post-2492\" class=\"fusion-post-grid post-2492 post type-post status-publish format-standard has-post-thumbnail hentry category-sin-categorizar\">\n<div class=\"fusion-post-wrapper\" style=\"background-color:rgba(255,249,243,0);border:none;\">\n\n\t\t\t<div class=\"fusion-flexslider flexslider fusion-flexslider-loading fusion-post-slideshow\" style=\"border-color:rgba(255,255,255,0);\">\n\t\t<ul class=\"slides\">\n\t\t\t\n\t\t\t\t\t\t\t\t\t\t\t\t\t\t<li><div  class=\"fusion-image-wrapper\" aria-haspopup=\"true\">\n\t\t\t\t<img decoding=\"async\" width=\"1080\" height=\"720\" src=\"https:\/\/gam-med-weight-loss.com\/wp-content\/uploads\/2023\/08\/image1.jpg\" class=\"attachment-full size-full lazyload wp-post-image\" alt=\"Weight loss and Diet control concept\" srcset=\"data:image\/svg+xml,%3Csvg%20xmlns%3D%27http%3A%2F%2Fwww.w3.org%2F2000%2Fsvg%27%20width%3D%271080%27%20height%3D%27720%27%20viewBox%3D%270%200%201080%20720%27%3E%3Crect%20width%3D%271080%27%20height%3D%27720%27%20fill-opacity%3D%220%22%2F%3E%3C%2Fsvg%3E\" data-orig-src=\"https:\/\/gam-med-weight-loss.com\/wp-content\/uploads\/2023\/08\/image1.jpg\" data-srcset=\"https:\/\/gam-med-weight-loss.com\/wp-content\/uploads\/2023\/08\/image1-200x133.jpg 200w, https:\/\/gam-med-weight-loss.com\/wp-content\/uploads\/2023\/08\/image1-400x267.jpg 400w, https:\/\/gam-med-weight-loss.com\/wp-content\/uploads\/2023\/08\/image1-600x400.jpg 600w, https:\/\/gam-med-weight-loss.com\/wp-content\/uploads\/2023\/08\/image1-800x533.jpg 800w, https:\/\/gam-med-weight-loss.com\/wp-content\/uploads\/2023\/08\/image1.jpg 1080w\" data-sizes=\"auto\" \/><div class=\"fusion-rollover\">\n\t<div class=\"fusion-rollover-content\">\n\n\t\t\t\t\t\t\t\t\t\t\t\t\t\t<a class=\"fusion-rollover-link\" href=\"https:\/\/gam-med-weight-loss.com\/es\/avanzando-hacia-un-manana-mas-saludable-el-programa-medico-de-perdida-de-peso-de-gam-med-weight-loss-spa\/\">Avanzando hacia un ma\u00f1ana m\u00e1s saludable: el programa m\u00e9dico de p\u00e9rdida de peso de Gam-Med Weight Loss+ Spa<\/a>\n\t\t\t\n\t\t\t\t\t\t\t\t\n\t\t\n\t\t\t\t\t\t\t\t\t\t\t\t<h4 class=\"fusion-rollover-title\">\n\t\t\t\t\t<a class=\"fusion-rollover-title-link\" href=\"https:\/\/gam-med-weight-loss.com\/es\/avanzando-hacia-un-manana-mas-saludable-el-programa-medico-de-perdida-de-peso-de-gam-med-weight-loss-spa\/\">\n\t\t\t\t\t\tAvanzando hacia un ma\u00f1ana m\u00e1s saludable: el programa m\u00e9dico de p\u00e9rdida de peso de Gam-Med Weight Loss+ Spa\t\t\t\t\t<\/a>\n\t\t\t\t<\/h4>\n\t\t\t\n\t\t\t\t\t\t\t\t\n\t\t\n\t\t\t\t\t\t<a class=\"fusion-link-wrapper\" href=\"https:\/\/gam-med-weight-loss.com\/es\/avanzando-hacia-un-manana-mas-saludable-el-programa-medico-de-perdida-de-peso-de-gam-med-weight-loss-spa\/\" aria-label=\"Avanzando hacia un ma\u00f1ana m\u00e1s saludable: el programa m\u00e9dico de p\u00e9rdida de peso de Gam-Med Weight Loss+ Spa\"><\/a>\n\t<\/div>\n<\/div>\n<\/div>\n<\/li>\n\t\t\t\n\t\t\t\n\t\t\t\t\t\t\t\t\t\t\t\t\t\t\t\t\t\t\t\t\t\t\t\t\t\t\t\t\t\t\t\t\t\t\t\t\t\t\t\t\t\t\t\t\t\t\t\t\t\t\t\t\t\t\t\t\t\t\t\t\t\t\t\t\t\t\t\t<\/ul>\n\t<\/div>\n\t<div class=\"fusion-post-content-wrapper\" style=\"padding:60px 60px 60px 0;\"><div class=\"fusion-post-content post-content\"><h2 class=\"blog-shortcode-post-title entry-title\">Avanzando hacia un ma\u00f1ana m\u00e1s saludable: el programa m\u00e9dico de p\u00e9rdida de peso de Gam-Med Weight Loss+ Spa<\/h2><span class=\"vcard\" style=\"display: none;\"><span class=\"fn\"><a href=\"https:\/\/gam-med-weight-loss.com\/es\/author\/admin\/\" title=\"Entradas de admin\" rel=\"author\">admin<\/a><\/span><\/span><span class=\"updated\" style=\"display:none;\">2023-10-27T19:38:18+00:00<\/span><div class=\"fusion-content-sep sep-none\"><\/div><div class=\"fusion-post-content-container\"><p>En el mundo actual, el camino para alcanzar y mantener[...]<\/p><\/div><\/div><div class=\"fusion-meta-info\"><div class=\"fusion-alignleft\"><a class=\"fusion-read-more\" href=\"https:\/\/gam-med-weight-loss.com\/es\/avanzando-hacia-un-manana-mas-saludable-el-programa-medico-de-perdida-de-peso-de-gam-med-weight-loss-spa\/\" aria-label=\"More on Avanzando hacia un ma\u00f1ana m\u00e1s saludable: el programa m\u00e9dico de p\u00e9rdida de peso de Gam-Med Weight Loss+ Spa\">Read More<\/a><\/div><\/div><\/div><div class=\"fusion-clearfix\"><\/div><\/div>\n<\/article>\n<div class=\"fusion-clearfix\"><\/div><\/div><div class=\"pagination clearfix\"><span class=\"current\">1<\/span><a href=\"https:\/\/gam-med-weight-loss.com\/es\/wp-json\/wp\/v2\/pages\/2322\/page\/2\/\" class=\"inactive\">2<\/a><a class=\"pagination-next\" rel=\"next\" href=\"https:\/\/gam-med-weight-loss.com\/es\/wp-json\/wp\/v2\/pages\/2322\/page\/2\/\"><span class=\"page-text\">Next<\/span><span class=\"page-next\"><\/span><\/a><\/div><div class=\"fusion-clearfix\"><\/div><\/div><\/div><\/div><\/div><\/div>\n","protected":false},"excerpt":{"rendered":"","protected":false},"author":1,"featured_media":2245,"parent":0,"menu_order":0,"comment_status":"closed","ping_status":"closed","template":"100-width.php","meta":{"content-type":"","footnotes":""},"class_list":["post-2322","page","type-page","status-publish","has-post-thumbnail","hentry"],"yoast_head":"<!-- This site is optimized with the Yoast SEO plugin v26.7 - https:\/\/yoast.com\/wordpress\/plugins\/seo\/ -->\n<title>Blog - Gam Med Weight Loss<\/title>\n<meta name=\"robots\" content=\"index, follow, max-snippet:-1, max-image-preview:large, max-video-preview:-1\" \/>\n<link rel=\"canonical\" href=\"https:\/\/gam-med-weight-loss.com\/es\/blog\/\" \/>\n<meta property=\"og:locale\" content=\"es_ES\" \/>\n<meta property=\"og:type\" content=\"article\" \/>\n<meta property=\"og:title\" content=\"Blog - Gam Med Weight Loss\" \/>\n<meta property=\"og:url\" content=\"https:\/\/gam-med-weight-loss.com\/es\/blog\/\" \/>\n<meta property=\"og:site_name\" content=\"Gam Med Weight Loss\" \/>\n<meta property=\"article:publisher\" content=\"https:\/\/www.facebook.com\/GamMedWeightLoss\" \/>\n<meta property=\"article:modified_time\" content=\"2023-08-25T19:05:50+00:00\" \/>\n<meta property=\"og:image\" content=\"https:\/\/gam-med-weight-loss.com\/wp-content\/uploads\/2020\/07\/banner-7@2x-scaled.jpg\" \/>\n\t<meta property=\"og:image:width\" content=\"2560\" \/>\n\t<meta property=\"og:image:height\" content=\"938\" \/>\n\t<meta property=\"og:image:type\" content=\"image\/jpeg\" \/>\n<meta name=\"twitter:card\" content=\"summary_large_image\" \/>\n<meta name=\"twitter:label1\" content=\"Tiempo de lectura\" \/>\n\t<meta name=\"twitter:data1\" content=\"3 minutos\" \/>\n<script type=\"application\/ld+json\" class=\"yoast-schema-graph\">{\"@context\":\"https:\/\/schema.org\",\"@graph\":[{\"@type\":\"WebPage\",\"@id\":\"https:\/\/gam-med-weight-loss.com\/es\/blog\/\",\"url\":\"https:\/\/gam-med-weight-loss.com\/es\/blog\/\",\"name\":\"Blog - Gam Med Weight Loss\",\"isPartOf\":{\"@id\":\"https:\/\/gam-med-weight-loss.com\/es\/#website\"},\"primaryImageOfPage\":{\"@id\":\"https:\/\/gam-med-weight-loss.com\/es\/blog\/#primaryimage\"},\"image\":{\"@id\":\"https:\/\/gam-med-weight-loss.com\/es\/blog\/#primaryimage\"},\"thumbnailUrl\":\"https:\/\/gam-med-weight-loss.com\/wp-content\/uploads\/2020\/07\/banner-7@2x-scaled.jpg\",\"datePublished\":\"2020-08-14T13:24:14+00:00\",\"dateModified\":\"2023-08-25T19:05:50+00:00\",\"breadcrumb\":{\"@id\":\"https:\/\/gam-med-weight-loss.com\/es\/blog\/#breadcrumb\"},\"inLanguage\":\"es\",\"potentialAction\":[{\"@type\":\"ReadAction\",\"target\":[\"https:\/\/gam-med-weight-loss.com\/es\/blog\/\"]}]},{\"@type\":\"ImageObject\",\"inLanguage\":\"es\",\"@id\":\"https:\/\/gam-med-weight-loss.com\/es\/blog\/#primaryimage\",\"url\":\"https:\/\/gam-med-weight-loss.com\/wp-content\/uploads\/2020\/07\/banner-7@2x-scaled.jpg\",\"contentUrl\":\"https:\/\/gam-med-weight-loss.com\/wp-content\/uploads\/2020\/07\/banner-7@2x-scaled.jpg\",\"width\":2560,\"height\":938},{\"@type\":\"BreadcrumbList\",\"@id\":\"https:\/\/gam-med-weight-loss.com\/es\/blog\/#breadcrumb\",\"itemListElement\":[{\"@type\":\"ListItem\",\"position\":1,\"name\":\"Home\",\"item\":\"https:\/\/gam-med-weight-loss.com\/es\/\"},{\"@type\":\"ListItem\",\"position\":2,\"name\":\"Blog\"}]},{\"@type\":\"WebSite\",\"@id\":\"https:\/\/gam-med-weight-loss.com\/es\/#website\",\"url\":\"https:\/\/gam-med-weight-loss.com\/es\/\",\"name\":\"Gam Med Weight Loss + Spa\",\"description\":\"Your Success is Our Success\",\"publisher\":{\"@id\":\"https:\/\/gam-med-weight-loss.com\/es\/#organization\"},\"potentialAction\":[{\"@type\":\"SearchAction\",\"target\":{\"@type\":\"EntryPoint\",\"urlTemplate\":\"https:\/\/gam-med-weight-loss.com\/es\/?s={search_term_string}\"},\"query-input\":{\"@type\":\"PropertyValueSpecification\",\"valueRequired\":true,\"valueName\":\"search_term_string\"}}],\"inLanguage\":\"es\"},{\"@type\":\"Organization\",\"@id\":\"https:\/\/gam-med-weight-loss.com\/es\/#organization\",\"name\":\"Gam Med Weight Loss + Spa\",\"url\":\"https:\/\/gam-med-weight-loss.com\/es\/\",\"logo\":{\"@type\":\"ImageObject\",\"inLanguage\":\"es\",\"@id\":\"https:\/\/gam-med-weight-loss.com\/es\/#\/schema\/logo\/image\/\",\"url\":\"https:\/\/gam-med-weight-loss.com\/wp-content\/uploads\/2023\/07\/da8602_83692f145d794692bf428baa958cb29bmv2.webp\",\"contentUrl\":\"https:\/\/gam-med-weight-loss.com\/wp-content\/uploads\/2023\/07\/da8602_83692f145d794692bf428baa958cb29bmv2.webp\",\"width\":281,\"height\":126,\"caption\":\"Gam Med Weight Loss + Spa\"},\"image\":{\"@id\":\"https:\/\/gam-med-weight-loss.com\/es\/#\/schema\/logo\/image\/\"},\"sameAs\":[\"https:\/\/www.facebook.com\/GamMedWeightLoss\"]}]}<\/script>\n<!-- \/ Yoast SEO plugin. -->","yoast_head_json":{"title":"Blog - Gam Med Weight Loss","robots":{"index":"index","follow":"follow","max-snippet":"max-snippet:-1","max-image-preview":"max-image-preview:large","max-video-preview":"max-video-preview:-1"},"canonical":"https:\/\/gam-med-weight-loss.com\/es\/blog\/","og_locale":"es_ES","og_type":"article","og_title":"Blog - Gam Med Weight Loss","og_url":"https:\/\/gam-med-weight-loss.com\/es\/blog\/","og_site_name":"Gam Med Weight Loss","article_publisher":"https:\/\/www.facebook.com\/GamMedWeightLoss","article_modified_time":"2023-08-25T19:05:50+00:00","og_image":[{"width":2560,"height":938,"url":"https:\/\/gam-med-weight-loss.com\/wp-content\/uploads\/2020\/07\/banner-7@2x-scaled.jpg","type":"image\/jpeg"}],"twitter_card":"summary_large_image","twitter_misc":{"Tiempo de lectura":"3 minutos"},"schema":{"@context":"https:\/\/schema.org","@graph":[{"@type":"WebPage","@id":"https:\/\/gam-med-weight-loss.com\/es\/blog\/","url":"https:\/\/gam-med-weight-loss.com\/es\/blog\/","name":"Blog - Gam Med Weight Loss","isPartOf":{"@id":"https:\/\/gam-med-weight-loss.com\/es\/#website"},"primaryImageOfPage":{"@id":"https:\/\/gam-med-weight-loss.com\/es\/blog\/#primaryimage"},"image":{"@id":"https:\/\/gam-med-weight-loss.com\/es\/blog\/#primaryimage"},"thumbnailUrl":"https:\/\/gam-med-weight-loss.com\/wp-content\/uploads\/2020\/07\/banner-7@2x-scaled.jpg","datePublished":"2020-08-14T13:24:14+00:00","dateModified":"2023-08-25T19:05:50+00:00","breadcrumb":{"@id":"https:\/\/gam-med-weight-loss.com\/es\/blog\/#breadcrumb"},"inLanguage":"es","potentialAction":[{"@type":"ReadAction","target":["https:\/\/gam-med-weight-loss.com\/es\/blog\/"]}]},{"@type":"ImageObject","inLanguage":"es","@id":"https:\/\/gam-med-weight-loss.com\/es\/blog\/#primaryimage","url":"https:\/\/gam-med-weight-loss.com\/wp-content\/uploads\/2020\/07\/banner-7@2x-scaled.jpg","contentUrl":"https:\/\/gam-med-weight-loss.com\/wp-content\/uploads\/2020\/07\/banner-7@2x-scaled.jpg","width":2560,"height":938},{"@type":"BreadcrumbList","@id":"https:\/\/gam-med-weight-loss.com\/es\/blog\/#breadcrumb","itemListElement":[{"@type":"ListItem","position":1,"name":"Home","item":"https:\/\/gam-med-weight-loss.com\/es\/"},{"@type":"ListItem","position":2,"name":"Blog"}]},{"@type":"WebSite","@id":"https:\/\/gam-med-weight-loss.com\/es\/#website","url":"https:\/\/gam-med-weight-loss.com\/es\/","name":"Gam Med Weight Loss + Spa","description":"Your Success is Our Success","publisher":{"@id":"https:\/\/gam-med-weight-loss.com\/es\/#organization"},"potentialAction":[{"@type":"SearchAction","target":{"@type":"EntryPoint","urlTemplate":"https:\/\/gam-med-weight-loss.com\/es\/?s={search_term_string}"},"query-input":{"@type":"PropertyValueSpecification","valueRequired":true,"valueName":"search_term_string"}}],"inLanguage":"es"},{"@type":"Organization","@id":"https:\/\/gam-med-weight-loss.com\/es\/#organization","name":"Gam Med Weight Loss + Spa","url":"https:\/\/gam-med-weight-loss.com\/es\/","logo":{"@type":"ImageObject","inLanguage":"es","@id":"https:\/\/gam-med-weight-loss.com\/es\/#\/schema\/logo\/image\/","url":"https:\/\/gam-med-weight-loss.com\/wp-content\/uploads\/2023\/07\/da8602_83692f145d794692bf428baa958cb29bmv2.webp","contentUrl":"https:\/\/gam-med-weight-loss.com\/wp-content\/uploads\/2023\/07\/da8602_83692f145d794692bf428baa958cb29bmv2.webp","width":281,"height":126,"caption":"Gam Med Weight Loss + Spa"},"image":{"@id":"https:\/\/gam-med-weight-loss.com\/es\/#\/schema\/logo\/image\/"},"sameAs":["https:\/\/www.facebook.com\/GamMedWeightLoss"]}]}},"_links":{"self":[{"href":"https:\/\/gam-med-weight-loss.com\/es\/wp-json\/wp\/v2\/pages\/2322","targetHints":{"allow":["GET"]}}],"collection":[{"href":"https:\/\/gam-med-weight-loss.com\/es\/wp-json\/wp\/v2\/pages"}],"about":[{"href":"https:\/\/gam-med-weight-loss.com\/es\/wp-json\/wp\/v2\/types\/page"}],"author":[{"embeddable":true,"href":"https:\/\/gam-med-weight-loss.com\/es\/wp-json\/wp\/v2\/users\/1"}],"replies":[{"embeddable":true,"href":"https:\/\/gam-med-weight-loss.com\/es\/wp-json\/wp\/v2\/comments?post=2322"}],"version-history":[{"count":3,"href":"https:\/\/gam-med-weight-loss.com\/es\/wp-json\/wp\/v2\/pages\/2322\/revisions"}],"predecessor-version":[{"id":2332,"href":"https:\/\/gam-med-weight-loss.com\/es\/wp-json\/wp\/v2\/pages\/2322\/revisions\/2332"}],"wp:featuredmedia":[{"embeddable":true,"href":"https:\/\/gam-med-weight-loss.com\/es\/wp-json\/wp\/v2\/media\/2245"}],"wp:attachment":[{"href":"https:\/\/gam-med-weight-loss.com\/es\/wp-json\/wp\/v2\/media?parent=2322"}],"curies":[{"name":"wp","href":"https:\/\/api.w.org\/{rel}","templated":true}]}}